{"id":481,"date":"2021-02-01T04:45:09","date_gmt":"2021-02-01T04:45:09","guid":{"rendered":"http:\/\/knihobezka.cz\/?page_id=481"},"modified":"2023-01-03T22:18:38","modified_gmt":"2023-01-03T22:18:38","slug":"o-mne","status":"publish","type":"page","link":"https:\/\/knihobezka.cz\/?page_id=481","title":{"rendered":"O mn\u011b"},"content":{"rendered":"\t\t<div data-elementor-type=\"wp-page\" data-elementor-id=\"481\" class=\"elementor elementor-481\">\n\t\t\t\t\t\t<section class=\"elementor-section elementor-top-section elementor-element elementor-element-9764818 elementor-section-boxed elementor-section-height-default elementor-section-height-default\" data-id=\"9764818\" data-element_type=\"section\" data-settings=\"{&quot;background_background&quot;:&quot;classic&quot;}\">\n\t\t\t\t\t\t<div class=\"elementor-container elementor-column-gap-no\">\n\t\t\t\t\t<div class=\"elementor-column elementor-col-100 elementor-top-column elementor-element elementor-element-86bd09c\" data-id=\"86bd09c\" data-element_type=\"column\">\n\t\t\t<div class=\"elementor-widget-wrap elementor-element-populated\">\n\t\t\t\t\t\t<div class=\"elementor-element elementor-element-674a70a elementor-widget elementor-widget-heading\" data-id=\"674a70a\" data-element_type=\"widget\" data-widget_type=\"heading.default\">\n\t\t\t\t<div class=\"elementor-widget-container\">\n\t\t\t\t\t<h2 class=\"elementor-heading-title elementor-size-default\">O mn\u011b<\/h2>\t\t\t\t<\/div>\n\t\t\t\t<\/div>\n\t\t\t\t<div class=\"elementor-element elementor-element-88d412c elementor-widget elementor-widget-image\" data-id=\"88d412c\" data-element_type=\"widget\" data-widget_type=\"image.default\">\n\t\t\t\t<div class=\"elementor-widget-container\">\n\t\t\t\t\t\t\t\t\t\t\t\t\t\t\t<img decoding=\"async\" src=\"https:\/\/knihobezka.cz\/wp-content\/uploads\/2021\/01\/yellow-diamond-shape.svg\" class=\"attachment-full size-full wp-image-11\" alt=\"\" \/>\t\t\t\t\t\t\t\t\t\t\t\t\t\t\t<\/div>\n\t\t\t\t<\/div>\n\t\t\t\t\t<\/div>\n\t\t<\/div>\n\t\t\t\t\t<\/div>\n\t\t<\/section>\n\t\t\t\t<section class=\"elementor-section elementor-top-section elementor-element elementor-element-6daf79f elementor-section-boxed elementor-section-height-default elementor-section-height-default\" data-id=\"6daf79f\" data-element_type=\"section\" data-settings=\"{&quot;background_background&quot;:&quot;classic&quot;}\">\n\t\t\t\t\t\t<div class=\"elementor-container elementor-column-gap-no\">\n\t\t\t\t\t<div class=\"elementor-column elementor-col-50 elementor-top-column elementor-element elementor-element-a60061d\" data-id=\"a60061d\" data-element_type=\"column\">\n\t\t\t<div class=\"elementor-widget-wrap elementor-element-populated\">\n\t\t\t\t\t\t<div class=\"elementor-element elementor-element-d398463 elementor-widget elementor-widget-heading\" data-id=\"d398463\" data-element_type=\"widget\" data-widget_type=\"heading.default\">\n\t\t\t\t<div class=\"elementor-widget-container\">\n\t\t\t\t\t<h2 class=\"elementor-heading-title elementor-size-large\">Petra<\/h2>\t\t\t\t<\/div>\n\t\t\t\t<\/div>\n\t\t\t\t<div class=\"elementor-element elementor-element-a9d633d elementor-widget-divider--view-line elementor-widget elementor-widget-divider\" data-id=\"a9d633d\" data-element_type=\"widget\" data-widget_type=\"divider.default\">\n\t\t\t\t<div class=\"elementor-widget-container\">\n\t\t\t\t\t\t\t<div class=\"elementor-divider\">\n\t\t\t<span class=\"elementor-divider-separator\">\n\t\t\t\t\t\t<\/span>\n\t\t<\/div>\n\t\t\t\t\t\t<\/div>\n\t\t\t\t<\/div>\n\t\t\t\t<div class=\"elementor-element elementor-element-948d56c elementor-widget elementor-widget-text-editor\" data-id=\"948d56c\" data-element_type=\"widget\" data-widget_type=\"text-editor.default\">\n\t\t\t\t<div class=\"elementor-widget-container\">\n\t\t\t\t\t\t\t\t\t<p><strong>Jsem v\u00e1\u0161niv\u00e1 \u010dten\u00e1\u0159ka, nad\u0161en\u00e1 u\u010ditelka a ne\u00fanavn\u00e1 farm\u00e1\u0159ka. B\u011bhem posledn\u00edch 20 let jsem v r\u016fzn\u00fdch zem\u00edch studovala, pracovala a z\u00edsk\u00e1vala zku\u0161enosti ponejv\u00edce v oblasti pedagogiky, didaktiky a testov\u00e1n\u00ed.<\/strong><\/p>\t\t\t\t\t\t\t\t<\/div>\n\t\t\t\t<\/div>\n\t\t\t\t<div class=\"elementor-element elementor-element-dfed861 elementor-widget-divider--view-line elementor-widget elementor-widget-divider\" data-id=\"dfed861\" data-element_type=\"widget\" data-widget_type=\"divider.default\">\n\t\t\t\t<div class=\"elementor-widget-container\">\n\t\t\t\t\t\t\t<div class=\"elementor-divider\">\n\t\t\t<span class=\"elementor-divider-separator\">\n\t\t\t\t\t\t<\/span>\n\t\t<\/div>\n\t\t\t\t\t\t<\/div>\n\t\t\t\t<\/div>\n\t\t\t\t<div class=\"elementor-element elementor-element-26adab9 elementor-widget elementor-widget-spacer\" data-id=\"26adab9\" data-element_type=\"widget\" data-widget_type=\"spacer.default\">\n\t\t\t\t<div class=\"elementor-widget-container\">\n\t\t\t\t\t\t\t<div class=\"elementor-spacer\">\n\t\t\t<div class=\"elementor-spacer-inner\"><\/div>\n\t\t<\/div>\n\t\t\t\t\t\t<\/div>\n\t\t\t\t<\/div>\n\t\t\t\t<div class=\"elementor-element elementor-element-4c1f1c6 elementor-widget-mobile__width-initial elementor-widget elementor-widget-image\" data-id=\"4c1f1c6\" data-element_type=\"widget\" data-widget_type=\"image.default\">\n\t\t\t\t<div class=\"elementor-widget-container\">\n\t\t\t\t\t\t\t\t\t\t\t\t\t\t\t<img fetchpriority=\"high\" decoding=\"async\" width=\"1500\" height=\"1000\" src=\"https:\/\/knihobezka.cz\/wp-content\/uploads\/2022\/11\/O-mne-02.jpg\" class=\"attachment-full size-full wp-image-1558\" alt=\"\" srcset=\"https:\/\/knihobezka.cz\/wp-content\/uploads\/2022\/11\/O-mne-02.jpg 1500w, https:\/\/knihobezka.cz\/wp-content\/uploads\/2022\/11\/O-mne-02-300x200.jpg 300w, https:\/\/knihobezka.cz\/wp-content\/uploads\/2022\/11\/O-mne-02-1024x683.jpg 1024w, https:\/\/knihobezka.cz\/wp-content\/uploads\/2022\/11\/O-mne-02-768x512.jpg 768w\" sizes=\"(max-width: 1500px) 100vw, 1500px\" \/>\t\t\t\t\t\t\t\t\t\t\t\t\t\t\t<\/div>\n\t\t\t\t<\/div>\n\t\t\t\t<div class=\"elementor-element elementor-element-1ea7bdc elementor-widget elementor-widget-spacer\" data-id=\"1ea7bdc\" data-element_type=\"widget\" data-widget_type=\"spacer.default\">\n\t\t\t\t<div class=\"elementor-widget-container\">\n\t\t\t\t\t\t\t<div class=\"elementor-spacer\">\n\t\t\t<div class=\"elementor-spacer-inner\"><\/div>\n\t\t<\/div>\n\t\t\t\t\t\t<\/div>\n\t\t\t\t<\/div>\n\t\t\t\t<div class=\"elementor-element elementor-element-ddcce07 elementor-widget-mobile__width-initial elementor-widget elementor-widget-image\" data-id=\"ddcce07\" data-element_type=\"widget\" data-widget_type=\"image.default\">\n\t\t\t\t<div class=\"elementor-widget-container\">\n\t\t\t\t\t\t\t\t\t\t\t\t\t\t\t<img decoding=\"async\" src=\"https:\/\/knihobezka.cz\/wp-content\/uploads\/2022\/11\/O-mne-05.jpg\" title=\"O-mne-05\" alt=\"O-mne-05\" loading=\"lazy\" \/>\t\t\t\t\t\t\t\t\t\t\t\t\t\t\t<\/div>\n\t\t\t\t<\/div>\n\t\t\t\t\t<\/div>\n\t\t<\/div>\n\t\t\t\t<div class=\"elementor-column elementor-col-50 elementor-top-column elementor-element elementor-element-6e4f31f\" data-id=\"6e4f31f\" data-element_type=\"column\">\n\t\t\t<div class=\"elementor-widget-wrap elementor-element-populated\">\n\t\t\t\t\t\t<div class=\"elementor-element elementor-element-1d22375 elementor-widget elementor-widget-image\" data-id=\"1d22375\" data-element_type=\"widget\" data-widget_type=\"image.default\">\n\t\t\t\t<div class=\"elementor-widget-container\">\n\t\t\t\t\t\t\t\t\t\t\t\t\t\t\t<img decoding=\"async\" width=\"1000\" height=\"1500\" src=\"https:\/\/knihobezka.cz\/wp-content\/uploads\/2022\/11\/O-mne-01.jpg\" class=\"attachment-full size-full wp-image-1557\" alt=\"\" srcset=\"https:\/\/knihobezka.cz\/wp-content\/uploads\/2022\/11\/O-mne-01.jpg 1000w, https:\/\/knihobezka.cz\/wp-content\/uploads\/2022\/11\/O-mne-01-200x300.jpg 200w, https:\/\/knihobezka.cz\/wp-content\/uploads\/2022\/11\/O-mne-01-683x1024.jpg 683w, https:\/\/knihobezka.cz\/wp-content\/uploads\/2022\/11\/O-mne-01-768x1152.jpg 768w\" sizes=\"(max-width: 1000px) 100vw, 1000px\" \/>\t\t\t\t\t\t\t\t\t\t\t\t\t\t\t<\/div>\n\t\t\t\t<\/div>\n\t\t\t\t<section class=\"elementor-section elementor-inner-section elementor-element elementor-element-e48dc72 elementor-section-boxed elementor-section-height-default elementor-section-height-default\" data-id=\"e48dc72\" data-element_type=\"section\">\n\t\t\t\t\t\t<div class=\"elementor-container elementor-column-gap-no\">\n\t\t\t\t\t<div class=\"elementor-column elementor-col-100 elementor-inner-column elementor-element elementor-element-d770945\" data-id=\"d770945\" data-element_type=\"column\">\n\t\t\t<div class=\"elementor-widget-wrap elementor-element-populated\">\n\t\t\t\t\t\t<div class=\"elementor-element elementor-element-6fc2d59 elementor-widget elementor-widget-text-editor\" data-id=\"6fc2d59\" data-element_type=\"widget\" data-widget_type=\"text-editor.default\">\n\t\t\t\t<div class=\"elementor-widget-container\">\n\t\t\t\t\t\t\t\t\t<p>Pozd\u011bji jsem vyu\u010dovala n\u011bm\u010dinu, angli\u010dtinu a \u010de\u0161tinu pro cizince, jak d\u011bti, tak dosp\u011bl\u00e9.<\/p>\t\t\t\t\t\t\t\t<\/div>\n\t\t\t\t<\/div>\n\t\t\t\t<div class=\"elementor-element elementor-element-74a8568 elementor-widget elementor-widget-text-editor\" data-id=\"74a8568\" data-element_type=\"widget\" data-widget_type=\"text-editor.default\">\n\t\t\t\t<div class=\"elementor-widget-container\">\n\t\t\t\t\t\t\t\t\t<p>V sou\u010dasn\u00e9 dob\u011b nejrad\u011bji ze v\u0161eho ukazuji d\u011btem, jak vstoupit do sv\u011bta \u010dten\u00e1\u0159sk\u00e9 fantazie, jak si knihy pozorn\u011b prohl\u00ed\u017eet a m\u00edt radost ze \u010dten\u00ed i psan\u00ed p\u0159\u00edb\u011bh\u016f. Knihy jsou zkr\u00e1tka v\u011brn\u00ed p\u0159\u00e1tel\u00e9 na cel\u00fd \u017eivot.<\/p>\t\t\t\t\t\t\t\t<\/div>\n\t\t\t\t<\/div>\n\t\t\t\t<div class=\"elementor-element elementor-element-5d21208 elementor-widget elementor-widget-button\" data-id=\"5d21208\" data-element_type=\"widget\" data-widget_type=\"button.default\">\n\t\t\t\t<div class=\"elementor-widget-container\">\n\t\t\t\t\t\t\t\t\t<div class=\"elementor-button-wrapper\">\n\t\t\t\t\t<a class=\"elementor-button elementor-button-link elementor-size-sm\" href=\"https:\/\/knihobezka.cz\/?page_id=719\">\n\t\t\t\t\t\t<span class=\"elementor-button-content-wrapper\">\n\t\t\t\t\t\t\t\t\t<span class=\"elementor-button-text\">V\u00edce o mn\u011b v Blogu<\/span>\n\t\t\t\t\t<\/span>\n\t\t\t\t\t<\/a>\n\t\t\t\t<\/div>\n\t\t\t\t\t\t\t\t<\/div>\n\t\t\t\t<\/div>\n\t\t\t\t\t<\/div>\n\t\t<\/div>\n\t\t\t\t\t<\/div>\n\t\t<\/section>\n\t\t\t\t\t<\/div>\n\t\t<\/div>\n\t\t\t\t\t<\/div>\n\t\t<\/section>\n\t\t\t\t<\/div>\n\t\t","protected":false},"excerpt":{"rendered":"<p>O mn\u011b Petra Jsem v\u00e1\u0161niv\u00e1 \u010dten\u00e1\u0159ka, nad\u0161en\u00e1 u\u010ditelka a ne\u00fanavn\u00e1 farm\u00e1\u0159ka. B\u011bhem posledn\u00edch 20 let jsem v r\u016fzn\u00fdch zem\u00edch studovala, pracovala a z\u00edsk\u00e1vala zku\u0161enosti ponejv\u00edce v oblasti pedagogiky, didaktiky a testov\u00e1n\u00ed. Pozd\u011bji jsem vyu\u010dovala n\u011bm\u010dinu, angli\u010dtinu a \u010de\u0161tinu pro cizince, jak d\u011bti, tak dosp\u011bl\u00e9. V sou\u010dasn\u00e9 dob\u011b nejrad\u011bji ze v\u0161eho ukazuji d\u011btem, jak vstoupit do [&hellip;]<\/p>\n","protected":false},"author":1,"featured_media":0,"parent":0,"menu_order":2,"comment_status":"closed","ping_status":"closed","template":"","meta":{"om_disable_all_campaigns":false,"_uag_custom_page_level_css":"","_monsterinsights_skip_tracking":false,"_monsterinsights_sitenote_active":false,"_monsterinsights_sitenote_note":"","_monsterinsights_sitenote_category":0,"site-sidebar-layout":"no-sidebar","site-content-layout":"page-builder","ast-site-content-layout":"default","site-content-style":"default","site-sidebar-style":"default","ast-global-header-display":"","ast-banner-title-visibility":"","ast-main-header-display":"","ast-hfb-above-header-display":"","ast-hfb-below-header-display":"","ast-hfb-mobile-header-display":"","site-post-title":"disabled","ast-breadcrumbs-content":"disabled","ast-featured-img":"disabled","footer-sml-layout":"","theme-transparent-header-meta":"enabled","adv-header-id-meta":"","stick-header-meta":"","header-above-stick-meta":"","header-main-stick-meta":"","header-below-stick-meta":"","astra-migrate-meta-layouts":"default","ast-page-background-enabled":"default","ast-page-background-meta":{"desktop":{"background-color":"","background-image":"","background-repeat":"repeat","background-position":"center center","background-size":"auto","background-attachment":"scroll","background-type":"","background-media":"","overlay-type":"","overlay-color":"","overlay-opacity":"","overlay-gradient":""},"tablet":{"background-color":"","background-image":"","background-repeat":"repeat","background-position":"center center","background-size":"auto","background-attachment":"scroll","background-type":"","background-media":"","overlay-type":"","overlay-color":"","overlay-opacity":"","overlay-gradient":""},"mobile":{"background-color":"","background-image":"","background-repeat":"repeat","background-position":"center center","background-size":"auto","background-attachment":"scroll","background-type":"","background-media":"","overlay-type":"","overlay-color":"","overlay-opacity":"","overlay-gradient":""}},"ast-content-background-meta":{"desktop":{"background-color":"var(--ast-global-color-5)","background-image":"","background-repeat":"repeat","background-position":"center center","background-size":"auto","background-attachment":"scroll","background-type":"","background-media":"","overlay-type":"","overlay-color":"","overlay-opacity":"","overlay-gradient":""},"tablet":{"background-color":"var(--ast-global-color-5)","background-image":"","background-repeat":"repeat","background-position":"center center","background-size":"auto","background-attachment":"scroll","background-type":"","background-media":"","overlay-type":"","overlay-color":"","overlay-opacity":"","overlay-gradient":""},"mobile":{"background-color":"var(--ast-global-color-5)","background-image":"","background-repeat":"repeat","background-position":"center center","background-size":"auto","background-attachment":"scroll","background-type":"","background-media":"","overlay-type":"","overlay-color":"","overlay-opacity":"","overlay-gradient":""}},"footnotes":""},"class_list":["post-481","page","type-page","status-publish","hentry"],"aioseo_notices":[],"uagb_featured_image_src":{"full":false,"thumbnail":false,"medium":false,"medium_large":false,"large":false,"1536x1536":false,"2048x2048":false},"uagb_author_info":{"display_name":"pdanihelova@yahoo.com","author_link":"https:\/\/knihobezka.cz\/?author=1"},"uagb_comment_info":0,"uagb_excerpt":"O mn\u011b Petra Jsem v\u00e1\u0161niv\u00e1 \u010dten\u00e1\u0159ka, nad\u0161en\u00e1 u\u010ditelka a ne\u00fanavn\u00e1 farm\u00e1\u0159ka. B\u011bhem posledn\u00edch 20 let jsem v r\u016fzn\u00fdch zem\u00edch studovala, pracovala a z\u00edsk\u00e1vala zku\u0161enosti ponejv\u00edce v oblasti pedagogiky, didaktiky a testov\u00e1n\u00ed. Pozd\u011bji jsem vyu\u010dovala n\u011bm\u010dinu, angli\u010dtinu a \u010de\u0161tinu pro cizince, jak d\u011bti, tak dosp\u011bl\u00e9. V sou\u010dasn\u00e9 dob\u011b nejrad\u011bji ze v\u0161eho ukazuji d\u011btem, jak vstoupit do&hellip;","_links":{"self":[{"href":"https:\/\/knihobezka.cz\/index.php?rest_route=\/wp\/v2\/pages\/481","targetHints":{"allow":["GET"]}}],"collection":[{"href":"https:\/\/knihobezka.cz\/index.php?rest_route=\/wp\/v2\/pages"}],"about":[{"href":"https:\/\/knihobezka.cz\/index.php?rest_route=\/wp\/v2\/types\/page"}],"author":[{"embeddable":true,"href":"https:\/\/knihobezka.cz\/index.php?rest_route=\/wp\/v2\/users\/1"}],"replies":[{"embeddable":true,"href":"https:\/\/knihobezka.cz\/index.php?rest_route=%2Fwp%2Fv2%2Fcomments&post=481"}],"version-history":[{"count":53,"href":"https:\/\/knihobezka.cz\/index.php?rest_route=\/wp\/v2\/pages\/481\/revisions"}],"predecessor-version":[{"id":1616,"href":"https:\/\/knihobezka.cz\/index.php?rest_route=\/wp\/v2\/pages\/481\/revisions\/1616"}],"wp:attachment":[{"href":"https:\/\/knihobezka.cz\/index.php?rest_route=%2Fwp%2Fv2%2Fmedia&parent=481"}],"curies":[{"name":"wp","href":"https:\/\/api.w.org\/{rel}","templated":true}]}}