{"id":1778,"date":"2023-05-08T09:37:00","date_gmt":"2023-05-08T09:37:00","guid":{"rendered":"https:\/\/knihobezka.cz\/?page_id=1778"},"modified":"2023-05-15T21:46:02","modified_gmt":"2023-05-15T21:46:02","slug":"piskovani","status":"publish","type":"page","link":"https:\/\/knihobezka.cz\/?page_id=1778","title":{"rendered":"P\u00edskov\u00e1n\u00ed"},"content":{"rendered":"\t\t<div data-elementor-type=\"wp-page\" data-elementor-id=\"1778\" class=\"elementor elementor-1778\">\n\t\t\t\t\t\t<section class=\"elementor-section elementor-top-section elementor-element elementor-element-14ea2d9 elementor-section-boxed elementor-section-height-default elementor-section-height-default\" data-id=\"14ea2d9\" data-element_type=\"section\" data-settings=\"{&quot;background_background&quot;:&quot;classic&quot;}\">\n\t\t\t\t\t\t<div class=\"elementor-container elementor-column-gap-no\">\n\t\t\t\t\t<div class=\"elementor-column elementor-col-100 elementor-top-column elementor-element elementor-element-e3fa11e\" data-id=\"e3fa11e\" data-element_type=\"column\">\n\t\t\t<div class=\"elementor-widget-wrap elementor-element-populated\">\n\t\t\t\t\t\t<div class=\"elementor-element elementor-element-7306170 elementor-widget elementor-widget-heading\" data-id=\"7306170\" data-element_type=\"widget\" data-widget_type=\"heading.default\">\n\t\t\t\t<div class=\"elementor-widget-container\">\n\t\t\t\t\t<h2 class=\"elementor-heading-title elementor-size-default\">P\u00edskov\u00e1n\u00ed<\/h2>\t\t\t\t<\/div>\n\t\t\t\t<\/div>\n\t\t\t\t<div class=\"elementor-element elementor-element-bc88005 elementor-widget elementor-widget-image\" data-id=\"bc88005\" data-element_type=\"widget\" data-widget_type=\"image.default\">\n\t\t\t\t<div class=\"elementor-widget-container\">\n\t\t\t\t\t\t\t\t\t\t\t\t\t\t\t<img decoding=\"async\" src=\"https:\/\/knihobezka.cz\/wp-content\/uploads\/2021\/01\/yellow-diamond-shape.svg\" class=\"attachment-full size-full wp-image-11\" alt=\"\" \/>\t\t\t\t\t\t\t\t\t\t\t\t\t\t\t<\/div>\n\t\t\t\t<\/div>\n\t\t\t\t\t<\/div>\n\t\t<\/div>\n\t\t\t\t\t<\/div>\n\t\t<\/section>\n\t\t\t\t<section class=\"elementor-section elementor-top-section elementor-element elementor-element-d79212d elementor-section-boxed elementor-section-height-default elementor-section-height-default\" data-id=\"d79212d\" data-element_type=\"section\" data-settings=\"{&quot;background_background&quot;:&quot;classic&quot;}\">\n\t\t\t\t\t\t<div class=\"elementor-container elementor-column-gap-no\">\n\t\t\t\t\t<div class=\"elementor-column elementor-col-50 elementor-top-column elementor-element elementor-element-1ce98e0\" data-id=\"1ce98e0\" data-element_type=\"column\">\n\t\t\t<div class=\"elementor-widget-wrap elementor-element-populated\">\n\t\t\t\t\t\t<div class=\"elementor-element elementor-element-508eb13 elementor-widget elementor-widget-heading\" data-id=\"508eb13\" data-element_type=\"widget\" data-widget_type=\"heading.default\">\n\t\t\t\t<div class=\"elementor-widget-container\">\n\t\t\t\t\t<h2 class=\"elementor-heading-title elementor-size-large\">P\u00edskov\u00e1n\u00ed s Knihob\u011b\u017ekou<\/h2>\t\t\t\t<\/div>\n\t\t\t\t<\/div>\n\t\t\t\t<div class=\"elementor-element elementor-element-815ac39 elementor-widget-divider--view-line elementor-widget elementor-widget-divider\" data-id=\"815ac39\" data-element_type=\"widget\" data-widget_type=\"divider.default\">\n\t\t\t\t<div class=\"elementor-widget-container\">\n\t\t\t\t\t\t\t<div class=\"elementor-divider\">\n\t\t\t<span class=\"elementor-divider-separator\">\n\t\t\t\t\t\t<\/span>\n\t\t<\/div>\n\t\t\t\t\t\t<\/div>\n\t\t\t\t<\/div>\n\t\t\t\t<div class=\"elementor-element elementor-element-df70963 elementor-widget elementor-widget-text-editor\" data-id=\"df70963\" data-element_type=\"widget\" data-widget_type=\"text-editor.default\">\n\t\t\t\t<div class=\"elementor-widget-container\">\n\t\t\t\t\t\t\t\t\t<p>Jedn\u00edm z nejatraktivn\u011bj\u0161\u00edch, nejbarevn\u011bj\u0161\u00edch, nejveselej\u0161\u00edch a nejkreativn\u011bj\u0161\u00edch tvo\u0159en\u00ed je <strong>BAREVN\u00c9 P\u00cdSKOV\u00c1N\u00cd<\/strong>.<\/p><p>P\u00edskov\u00e1n\u00ed rozv\u00edj\u00ed u d\u011bt\u00ed v\u0161echny mo\u017en\u00e9 (i nemo\u017en\u00e9) dovednosti, ale hlavn\u011b je to naprosto zklid\u0148uj\u00edc\u00ed \u010dinnost, proto\u017ee v\u00a0procesu tvorby je pot\u0159eba maxim\u00e1ln\u00edho soust\u0159ed\u011bn\u00ed a trp\u011blivosti.<\/p><p>Odm\u011bna v\u00a0podob\u011b barevn\u00e9ho obr\u00e1zku je zaslou\u017een\u00e1. \u017d\u00e1dn\u00fd obr\u00e1zek nelze pokazit. V\u00fdsledkem je v\u017edy naprosto origin\u00e1ln\u00ed v\u00fdtvor hraj\u00edc\u00ed \u010dasto opravdu v\u0161emi barvami.<\/p>\t\t\t\t\t\t\t\t<\/div>\n\t\t\t\t<\/div>\n\t\t\t\t<div class=\"elementor-element elementor-element-a56ec0d elementor-widget-divider--view-line elementor-widget elementor-widget-divider\" data-id=\"a56ec0d\" data-element_type=\"widget\" data-widget_type=\"divider.default\">\n\t\t\t\t<div class=\"elementor-widget-container\">\n\t\t\t\t\t\t\t<div class=\"elementor-divider\">\n\t\t\t<span class=\"elementor-divider-separator\">\n\t\t\t\t\t\t<\/span>\n\t\t<\/div>\n\t\t\t\t\t\t<\/div>\n\t\t\t\t<\/div>\n\t\t\t\t<div class=\"elementor-element elementor-element-4d5e493 elementor-widget elementor-widget-text-editor\" data-id=\"4d5e493\" data-element_type=\"widget\" data-widget_type=\"text-editor.default\">\n\t\t\t\t<div class=\"elementor-widget-container\">\n\t\t\t\t\t\t\t\t\t<p><b>D\u011aKUJI<\/b> za proklik z\u00a0t\u00e9to str\u00e1nky a objedn\u00e1vku <b>NEJ<\/b> tvo\u0159en\u00ed pro va\u0161e d\u011bti! Proklikem pom\u00e1h\u00e1te z\u00edskat v\u00edce obr\u00e1zk\u016f a barevn\u00fdch p\u00edsk\u016f nejen pro d\u011bti v Grygov\u011b, ale t\u00e9\u017e pro d\u011bti v\u00a0dal\u0161\u00edch knihovn\u00e1ch a z\u00e1kladn\u00edch \u0161kol\u00e1ch, kter\u00e9 se \u00fa\u010dastn\u00ed \u010dten\u00e1\u0159sk\u00fdch z\u00e1\u017eitkov\u00fdch program\u016f Stono\u017eky Knihob\u011b\u017eky.<\/p>\t\t\t\t\t\t\t\t<\/div>\n\t\t\t\t<\/div>\n\t\t\t\t<div class=\"elementor-element elementor-element-6ac5e92 elementor-widget-mobile__width-initial elementor-widget elementor-widget-image\" data-id=\"6ac5e92\" data-element_type=\"widget\" data-widget_type=\"image.default\">\n\t\t\t\t<div class=\"elementor-widget-container\">\n\t\t\t\t\t\t\t\t\t\t\t\t\t\t\t<img fetchpriority=\"high\" decoding=\"async\" width=\"1000\" height=\"1000\" src=\"https:\/\/knihobezka.cz\/wp-content\/uploads\/2023\/05\/piskovani-3.jpg\" class=\"attachment-full size-full wp-image-1788\" alt=\"\" srcset=\"https:\/\/knihobezka.cz\/wp-content\/uploads\/2023\/05\/piskovani-3.jpg 1000w, https:\/\/knihobezka.cz\/wp-content\/uploads\/2023\/05\/piskovani-3-300x300.jpg 300w, https:\/\/knihobezka.cz\/wp-content\/uploads\/2023\/05\/piskovani-3-150x150.jpg 150w, https:\/\/knihobezka.cz\/wp-content\/uploads\/2023\/05\/piskovani-3-768x768.jpg 768w\" sizes=\"(max-width: 1000px) 100vw, 1000px\" \/>\t\t\t\t\t\t\t\t\t\t\t\t\t\t\t<\/div>\n\t\t\t\t<\/div>\n\t\t\t\t\t<\/div>\n\t\t<\/div>\n\t\t\t\t<div class=\"elementor-column elementor-col-50 elementor-top-column elementor-element elementor-element-9fe072e\" data-id=\"9fe072e\" data-element_type=\"column\">\n\t\t\t<div class=\"elementor-widget-wrap elementor-element-populated\">\n\t\t\t\t\t\t<div class=\"elementor-element elementor-element-e8932a0 elementor-widget elementor-widget-image\" data-id=\"e8932a0\" data-element_type=\"widget\" data-widget_type=\"image.default\">\n\t\t\t\t<div class=\"elementor-widget-container\">\n\t\t\t\t\t\t\t\t\t\t\t\t\t\t\t\t<a href=\"https:\/\/www.radostvpisku.cz\/action\/Affiliate\/setAccess\/?partnerId=185&#038;bannerId=84\">\n\t\t\t\t\t\t\t<img decoding=\"async\" src=\"https:\/\/www.radostvpisku.cz\/user\/affiliate\/zaklad_600x190.jpg\" title=\"\" alt=\"Radost v p\u00edsku - p\u00edskov\u00e1n\u00ed obr\u00e1zk\u016f a mandal\" loading=\"lazy\" \/>\t\t\t\t\t\t\t\t<\/a>\n\t\t\t\t\t\t\t\t\t\t\t\t\t\t\t<\/div>\n\t\t\t\t<\/div>\n\t\t\t\t<div class=\"elementor-element elementor-element-1a8d688 elementor-widget elementor-widget-image\" data-id=\"1a8d688\" data-element_type=\"widget\" data-widget_type=\"image.default\">\n\t\t\t\t<div class=\"elementor-widget-container\">\n\t\t\t\t\t\t\t\t\t\t\t\t\t\t\t<img decoding=\"async\" width=\"1000\" height=\"1000\" src=\"https:\/\/knihobezka.cz\/wp-content\/uploads\/2023\/05\/piskovani-1.jpg\" class=\"attachment-full size-full wp-image-1780\" alt=\"\" srcset=\"https:\/\/knihobezka.cz\/wp-content\/uploads\/2023\/05\/piskovani-1.jpg 1000w, https:\/\/knihobezka.cz\/wp-content\/uploads\/2023\/05\/piskovani-1-300x300.jpg 300w, https:\/\/knihobezka.cz\/wp-content\/uploads\/2023\/05\/piskovani-1-150x150.jpg 150w, https:\/\/knihobezka.cz\/wp-content\/uploads\/2023\/05\/piskovani-1-768x768.jpg 768w\" sizes=\"(max-width: 1000px) 100vw, 1000px\" \/>\t\t\t\t\t\t\t\t\t\t\t\t\t\t\t<\/div>\n\t\t\t\t<\/div>\n\t\t\t\t<div class=\"elementor-element elementor-element-2cb8308 elementor-widget-mobile__width-initial elementor-widget elementor-widget-image\" data-id=\"2cb8308\" data-element_type=\"widget\" data-widget_type=\"image.default\">\n\t\t\t\t<div class=\"elementor-widget-container\">\n\t\t\t\t\t\t\t\t\t\t\t\t\t\t\t<img decoding=\"async\" width=\"1000\" height=\"1000\" src=\"https:\/\/knihobezka.cz\/wp-content\/uploads\/2023\/05\/piskovani-2.jpg\" class=\"attachment-full size-full wp-image-1781\" alt=\"\" srcset=\"https:\/\/knihobezka.cz\/wp-content\/uploads\/2023\/05\/piskovani-2.jpg 1000w, https:\/\/knihobezka.cz\/wp-content\/uploads\/2023\/05\/piskovani-2-300x300.jpg 300w, https:\/\/knihobezka.cz\/wp-content\/uploads\/2023\/05\/piskovani-2-150x150.jpg 150w, https:\/\/knihobezka.cz\/wp-content\/uploads\/2023\/05\/piskovani-2-768x768.jpg 768w\" sizes=\"(max-width: 1000px) 100vw, 1000px\" \/>\t\t\t\t\t\t\t\t\t\t\t\t\t\t\t<\/div>\n\t\t\t\t<\/div>\n\t\t\t\t\t<\/div>\n\t\t<\/div>\n\t\t\t\t\t<\/div>\n\t\t<\/section>\n\t\t\t\t<\/div>\n\t\t","protected":false},"excerpt":{"rendered":"<p>P\u00edskov\u00e1n\u00ed P\u00edskov\u00e1n\u00ed s Knihob\u011b\u017ekou Jedn\u00edm z nejatraktivn\u011bj\u0161\u00edch, nejbarevn\u011bj\u0161\u00edch, nejveselej\u0161\u00edch a nejkreativn\u011bj\u0161\u00edch tvo\u0159en\u00ed je BAREVN\u00c9 P\u00cdSKOV\u00c1N\u00cd. P\u00edskov\u00e1n\u00ed rozv\u00edj\u00ed u d\u011bt\u00ed v\u0161echny mo\u017en\u00e9 (i nemo\u017en\u00e9) dovednosti, ale hlavn\u011b je to naprosto zklid\u0148uj\u00edc\u00ed \u010dinnost, proto\u017ee v\u00a0procesu tvorby je pot\u0159eba maxim\u00e1ln\u00edho soust\u0159ed\u011bn\u00ed a trp\u011blivosti. Odm\u011bna v\u00a0podob\u011b barevn\u00e9ho obr\u00e1zku je zaslou\u017een\u00e1. \u017d\u00e1dn\u00fd obr\u00e1zek nelze pokazit. V\u00fdsledkem je v\u017edy naprosto origin\u00e1ln\u00ed [&hellip;]<\/p>\n","protected":false},"author":1,"featured_media":0,"parent":0,"menu_order":0,"comment_status":"closed","ping_status":"closed","template":"","meta":{"om_disable_all_campaigns":false,"_uag_custom_page_level_css":"","_monsterinsights_skip_tracking":false,"_monsterinsights_sitenote_active":false,"_monsterinsights_sitenote_note":"","_monsterinsights_sitenote_category":0,"site-sidebar-layout":"no-sidebar","site-content-layout":"page-builder","ast-site-content-layout":"default","site-content-style":"default","site-sidebar-style":"default","ast-global-header-display":"","ast-banner-title-visibility":"","ast-main-header-display":"","ast-hfb-above-header-display":"","ast-hfb-below-header-display":"","ast-hfb-mobile-header-display":"","site-post-title":"disabled","ast-breadcrumbs-content":"","ast-featured-img":"disabled","footer-sml-layout":"","theme-transparent-header-meta":"enabled","adv-header-id-meta":"","stick-header-meta":"","header-above-stick-meta":"","header-main-stick-meta":"","header-below-stick-meta":"","astra-migrate-meta-layouts":"default","ast-page-background-enabled":"default","ast-page-background-meta":{"desktop":{"background-color":"","background-image":"","background-repeat":"repeat","background-position":"center center","background-size":"auto","background-attachment":"scroll","background-type":"","background-media":"","overlay-type":"","overlay-color":"","overlay-opacity":"","overlay-gradient":""},"tablet":{"background-color":"","background-image":"","background-repeat":"repeat","background-position":"center center","background-size":"auto","background-attachment":"scroll","background-type":"","background-media":"","overlay-type":"","overlay-color":"","overlay-opacity":"","overlay-gradient":""},"mobile":{"background-color":"","background-image":"","background-repeat":"repeat","background-position":"center center","background-size":"auto","background-attachment":"scroll","background-type":"","background-media":"","overlay-type":"","overlay-color":"","overlay-opacity":"","overlay-gradient":""}},"ast-content-background-meta":{"desktop":{"background-color":"var(--ast-global-color-5)","background-image":"","background-repeat":"repeat","background-position":"center center","background-size":"auto","background-attachment":"scroll","background-type":"","background-media":"","overlay-type":"","overlay-color":"","overlay-opacity":"","overlay-gradient":""},"tablet":{"background-color":"var(--ast-global-color-5)","background-image":"","background-repeat":"repeat","background-position":"center center","background-size":"auto","background-attachment":"scroll","background-type":"","background-media":"","overlay-type":"","overlay-color":"","overlay-opacity":"","overlay-gradient":""},"mobile":{"background-color":"var(--ast-global-color-5)","background-image":"","background-repeat":"repeat","background-position":"center center","background-size":"auto","background-attachment":"scroll","background-type":"","background-media":"","overlay-type":"","overlay-color":"","overlay-opacity":"","overlay-gradient":""}},"footnotes":""},"class_list":["post-1778","page","type-page","status-publish","hentry"],"aioseo_notices":[],"uagb_featured_image_src":{"full":false,"thumbnail":false,"medium":false,"medium_large":false,"large":false,"1536x1536":false,"2048x2048":false},"uagb_author_info":{"display_name":"pdanihelova@yahoo.com","author_link":"https:\/\/knihobezka.cz\/?author=1"},"uagb_comment_info":0,"uagb_excerpt":"P\u00edskov\u00e1n\u00ed P\u00edskov\u00e1n\u00ed s Knihob\u011b\u017ekou Jedn\u00edm z nejatraktivn\u011bj\u0161\u00edch, nejbarevn\u011bj\u0161\u00edch, nejveselej\u0161\u00edch a nejkreativn\u011bj\u0161\u00edch tvo\u0159en\u00ed je BAREVN\u00c9 P\u00cdSKOV\u00c1N\u00cd. P\u00edskov\u00e1n\u00ed rozv\u00edj\u00ed u d\u011bt\u00ed v\u0161echny mo\u017en\u00e9 (i nemo\u017en\u00e9) dovednosti, ale hlavn\u011b je to naprosto zklid\u0148uj\u00edc\u00ed \u010dinnost, proto\u017ee v\u00a0procesu tvorby je pot\u0159eba maxim\u00e1ln\u00edho soust\u0159ed\u011bn\u00ed a trp\u011blivosti. Odm\u011bna v\u00a0podob\u011b barevn\u00e9ho obr\u00e1zku je zaslou\u017een\u00e1. \u017d\u00e1dn\u00fd obr\u00e1zek nelze pokazit. V\u00fdsledkem je v\u017edy naprosto origin\u00e1ln\u00ed&hellip;","_links":{"self":[{"href":"https:\/\/knihobezka.cz\/index.php?rest_route=\/wp\/v2\/pages\/1778","targetHints":{"allow":["GET"]}}],"collection":[{"href":"https:\/\/knihobezka.cz\/index.php?rest_route=\/wp\/v2\/pages"}],"about":[{"href":"https:\/\/knihobezka.cz\/index.php?rest_route=\/wp\/v2\/types\/page"}],"author":[{"embeddable":true,"href":"https:\/\/knihobezka.cz\/index.php?rest_route=\/wp\/v2\/users\/1"}],"replies":[{"embeddable":true,"href":"https:\/\/knihobezka.cz\/index.php?rest_route=%2Fwp%2Fv2%2Fcomments&post=1778"}],"version-history":[{"count":29,"href":"https:\/\/knihobezka.cz\/index.php?rest_route=\/wp\/v2\/pages\/1778\/revisions"}],"predecessor-version":[{"id":1822,"href":"https:\/\/knihobezka.cz\/index.php?rest_route=\/wp\/v2\/pages\/1778\/revisions\/1822"}],"wp:attachment":[{"href":"https:\/\/knihobezka.cz\/index.php?rest_route=%2Fwp%2Fv2%2Fmedia&parent=1778"}],"curies":[{"name":"wp","href":"https:\/\/api.w.org\/{rel}","templated":true}]}}