{"id":1681,"date":"2023-01-08T22:05:54","date_gmt":"2023-01-08T22:05:54","guid":{"rendered":"https:\/\/knihobezka.cz\/?page_id=1681"},"modified":"2023-01-08T22:11:22","modified_gmt":"2023-01-08T22:11:22","slug":"domaci-vzdelavani","status":"publish","type":"page","link":"https:\/\/knihobezka.cz\/?page_id=1681","title":{"rendered":"Dom\u00e1c\u00ed vzd\u011bl\u00e1v\u00e1n\u00ed"},"content":{"rendered":"\t\t<div data-elementor-type=\"wp-page\" data-elementor-id=\"1681\" class=\"elementor elementor-1681\">\n\t\t\t\t\t\t<section class=\"elementor-section elementor-top-section elementor-element elementor-element-9db1400 elementor-section-boxed elementor-section-height-default elementor-section-height-default\" data-id=\"9db1400\" data-element_type=\"section\">\n\t\t\t\t\t\t<div class=\"elementor-container elementor-column-gap-default\">\n\t\t\t\t\t<div class=\"elementor-column elementor-col-100 elementor-top-column elementor-element elementor-element-63fdab1\" data-id=\"63fdab1\" data-element_type=\"column\">\n\t\t\t<div class=\"elementor-widget-wrap elementor-element-populated\">\n\t\t\t\t\t\t<div class=\"elementor-element elementor-element-ef1d782 elementor-widget elementor-widget-heading\" data-id=\"ef1d782\" data-element_type=\"widget\" data-widget_type=\"heading.default\">\n\t\t\t\t<div class=\"elementor-widget-container\">\n\t\t\t\t\t<h2 class=\"elementor-heading-title elementor-size-default\">Dom\u00e1c\u00ed vzd\u011bl\u00e1v\u00e1n\u00ed<\/h2>\t\t\t\t<\/div>\n\t\t\t\t<\/div>\n\t\t\t\t<section class=\"elementor-section elementor-inner-section elementor-element elementor-element-683544b elementor-section-boxed elementor-section-height-default elementor-section-height-default\" data-id=\"683544b\" data-element_type=\"section\">\n\t\t\t\t\t\t<div class=\"elementor-container elementor-column-gap-default\">\n\t\t\t\t\t<div class=\"elementor-column elementor-col-100 elementor-inner-column elementor-element elementor-element-b17dfa0\" data-id=\"b17dfa0\" data-element_type=\"column\">\n\t\t\t<div class=\"elementor-widget-wrap elementor-element-populated\">\n\t\t\t\t\t\t<div class=\"elementor-element elementor-element-df7e5b3 elementor-widget elementor-widget-button\" data-id=\"df7e5b3\" data-element_type=\"widget\" data-widget_type=\"button.default\">\n\t\t\t\t<div class=\"elementor-widget-container\">\n\t\t\t\t\t\t\t\t\t<div class=\"elementor-button-wrapper\">\n\t\t\t\t\t<a class=\"elementor-button elementor-button-link elementor-size-sm\" href=\"https:\/\/knihobezka.cz\/?page_id=836\">\n\t\t\t\t\t\t<span class=\"elementor-button-content-wrapper\">\n\t\t\t\t\t\t<span class=\"elementor-button-icon\">\n\t\t\t\t<svg xmlns=\"http:\/\/www.w3.org\/2000\/svg\" xmlns:xlink=\"http:\/\/www.w3.org\/1999\/xlink\" id=\"Layer_1\" x=\"0px\" y=\"0px\" viewBox=\"0 0 2048 2048\" style=\"enable-background:new 0 0 2048 2048;\" xml:space=\"preserve\"><path d=\"M2048,960H250.1l403-403l-90-90l-557,557l557,557l90-90l-403-403H2048V960z\"><\/path><\/svg>\t\t\t<\/span>\n\t\t\t\t\t\t\t\t\t<span class=\"elementor-button-text\">Programy<\/span>\n\t\t\t\t\t<\/span>\n\t\t\t\t\t<\/a>\n\t\t\t\t<\/div>\n\t\t\t\t\t\t\t\t<\/div>\n\t\t\t\t<\/div>\n\t\t\t\t\t<\/div>\n\t\t<\/div>\n\t\t\t\t\t<\/div>\n\t\t<\/section>\n\t\t\t\t\t<\/div>\n\t\t<\/div>\n\t\t\t\t\t<\/div>\n\t\t<\/section>\n\t\t\t\t<section class=\"elementor-section elementor-top-section elementor-element elementor-element-b249654 elementor-section-boxed elementor-section-height-default elementor-section-height-default\" data-id=\"b249654\" data-element_type=\"section\" data-settings=\"{&quot;background_background&quot;:&quot;classic&quot;}\">\n\t\t\t\t\t\t<div class=\"elementor-container elementor-column-gap-no\">\n\t\t\t\t\t<div class=\"elementor-column elementor-col-100 elementor-top-column elementor-element elementor-element-39afb88\" data-id=\"39afb88\" data-element_type=\"column\">\n\t\t\t<div class=\"elementor-widget-wrap elementor-element-populated\">\n\t\t\t\t\t\t<div class=\"elementor-element elementor-element-96a5b63 elementor-widget elementor-widget-image\" data-id=\"96a5b63\" data-element_type=\"widget\" data-widget_type=\"image.default\">\n\t\t\t\t<div class=\"elementor-widget-container\">\n\t\t\t\t\t\t\t\t\t\t\t\t\t\t\t<img decoding=\"async\" src=\"https:\/\/knihobezka.cz\/wp-content\/uploads\/2021\/01\/yellow-diamond-shape.svg\" class=\"attachment-full size-full wp-image-11\" alt=\"\" \/>\t\t\t\t\t\t\t\t\t\t\t\t\t\t\t<\/div>\n\t\t\t\t<\/div>\n\t\t\t\t<div class=\"elementor-element elementor-element-fbe9f8a elementor-tabs-view-horizontal elementor-widget elementor-widget-tabs\" data-id=\"fbe9f8a\" data-element_type=\"widget\" data-widget_type=\"tabs.default\">\n\t\t\t\t<div class=\"elementor-widget-container\">\n\t\t\t\t\t\t\t<div class=\"elementor-tabs\">\n\t\t\t<div class=\"elementor-tabs-wrapper\" role=\"tablist\" >\n\t\t\t\t\t\t\t\t\t<div id=\"elementor-tab-title-2641\" class=\"elementor-tab-title elementor-tab-desktop-title\" aria-selected=\"true\" data-tab=\"1\" role=\"tab\" tabindex=\"0\" aria-controls=\"elementor-tab-content-2641\" aria-expanded=\"false\">Popis<\/div>\n\t\t\t\t\t\t\t\t\t<div id=\"elementor-tab-title-2642\" class=\"elementor-tab-title elementor-tab-desktop-title\" aria-selected=\"false\" data-tab=\"2\" role=\"tab\" tabindex=\"-1\" aria-controls=\"elementor-tab-content-2642\" aria-expanded=\"false\">Nab\u00eddka<\/div>\n\t\t\t\t\t\t\t\t\t<div id=\"elementor-tab-title-2643\" class=\"elementor-tab-title elementor-tab-desktop-title\" aria-selected=\"false\" data-tab=\"3\" role=\"tab\" tabindex=\"-1\" aria-controls=\"elementor-tab-content-2643\" aria-expanded=\"false\">Cena<\/div>\n\t\t\t\t\t\t\t<\/div>\n\t\t\t<div class=\"elementor-tabs-content-wrapper\" role=\"tablist\" aria-orientation=\"vertical\">\n\t\t\t\t\t\t\t\t\t<div class=\"elementor-tab-title elementor-tab-mobile-title\" aria-selected=\"true\" data-tab=\"1\" role=\"tab\" tabindex=\"0\" aria-controls=\"elementor-tab-content-2641\" aria-expanded=\"false\">Popis<\/div>\n\t\t\t\t\t<div id=\"elementor-tab-content-2641\" class=\"elementor-tab-content elementor-clearfix\" data-tab=\"1\" role=\"tabpanel\" aria-labelledby=\"elementor-tab-title-2641\" tabindex=\"0\" hidden=\"false\"><p>\u010cten\u00e1\u0159sk\u00e9 programy Stono\u017eky Knihob\u011b\u017eky jsou p\u0159\u00edjemn\u00fdm a p\u0159\u00ednosn\u00fdm zpest\u0159en\u00edm pro d\u011bti, kter\u00e9 pravideln\u011b nenav\u0161t\u011bvuj\u00ed mate\u0159sk\u00e9 a z\u00e1kladn\u00ed \u0161koly, a jsou vzd\u011bl\u00e1v\u00e1ny v\u00a0dom\u00e1c\u00edm prost\u0159ed\u00ed. Celoro\u010dn\u00ed tematick\u00e9 programy i programy vztahuj\u00edc\u00ed se k\u00a0ur\u010dit\u00e9mu ro\u010dn\u00edmu obdob\u00ed jsou vedeny z\u00e1\u017eitkov\u00fdm zp\u016fsobem, \u017e\u00e1ci maxim\u00e1ln\u011b vyu\u017e\u00edvaj\u00ed svou fantazii, kreativitu a soust\u0159ed\u011bnost. D\u00edky metod\u00e1m kritick\u00e9ho my\u0161len\u00ed si \u017e\u00e1ci osvoj\u00ed a procvi\u010d\u00ed \u0159adu (nejen) \u010dten\u00e1\u0159sk\u00fdch dovednost\u00ed a celkov\u011b z\u00edskaj\u00ed pozitivn\u00ed vztah ke knih\u00e1m, \u010dten\u00ed a \u010desk\u00e9mu jazyku. Programy povzbuzuj\u00ed d\u011bti k\u00a0tomu, aby se pro n\u011b \u010dten\u00ed kn\u00ed\u017eek stalo z\u00e1bavou a pot\u011b\u0161en\u00edm.<\/p><\/div>\n\t\t\t\t\t\t\t\t\t<div class=\"elementor-tab-title elementor-tab-mobile-title\" aria-selected=\"false\" data-tab=\"2\" role=\"tab\" tabindex=\"-1\" aria-controls=\"elementor-tab-content-2642\" aria-expanded=\"false\">Nab\u00eddka<\/div>\n\t\t\t\t\t<div id=\"elementor-tab-content-2642\" class=\"elementor-tab-content elementor-clearfix\" data-tab=\"2\" role=\"tabpanel\" aria-labelledby=\"elementor-tab-title-2642\" tabindex=\"0\" hidden=\"hidden\"><ul><li>Jsem \u010dten\u00e1\u0159 \u2013 celoro\u010dn\u00ed, prohl\u00ed\u017e\u00edme a \u201e\u010dteme\u201c kupu obr\u00e1zkov\u00fdch knih (d\u011bti 4-7 let)<\/li><li>Barevn\u00e9 \u010dten\u00ed \u2013 celoro\u010dn\u00ed, prohl\u00ed\u017e\u00edme barevn\u00e9 knihy a hrajeme si s\u00a0barvami (d\u011bti 4-7 let)<\/li><li>Jarn\u00ed probuzen\u00ed \u2013 program s\u00a0jarn\u00ed tematikou procit\u00e1n\u00ed a probouzen\u00ed (d\u011bti 4-7 let)<\/li><li>Adventn\u00ed t\u011b\u0161en\u00ed \u2013 zimn\u00ed program s\u00a0kn\u00ed\u017ekami o Adventu a V\u00e1noc\u00edch (d\u011bti 4-7 let)<\/li><li>Kupa knih \u2013 celoro\u010dn\u00ed, r\u016fzn\u00e9 liter\u00e1rn\u00ed \u017e\u00e1nry, \u010dten\u00e1\u0159sk\u00e1 d\u00edlna (\u010dten\u00e1\u0159i 8-12 let)<\/li><li>Z\u00e1klady kreativn\u00edho psan\u00ed \u2013 celoro\u010dn\u00ed, n\u00e1cvik pou\u017e\u00edv\u00e1n\u00ed liter\u00e1rn\u00edho jazyka (8-12 let)<\/li><li>Z\u00e1klady pozorn\u00e9ho \u010dten\u00ed \u2013 celoro\u010dn\u00ed, n\u00e1cvik \u010dten\u00ed s pracovn\u00edmi listy (7-8 let\/2. t\u0159\u00edda)<ul><li style=\"list-style-type: none;\"><ul><li><em>(Knihy Holly Webb z\u00a0nakladatelstv\u00ed NAVA)<\/em><\/li><\/ul><\/li><\/ul><\/li><li>Z\u00e1klady pozorn\u00e9ho \u010dten\u00ed \u2013 celoro\u010dn\u00ed, n\u00e1cvik \u010dten\u00ed s pracovn\u00edmi listy (8-9 let\/3. t\u0159\u00edda)<ul><li style=\"list-style-type: none;\"><ul><li><em>(edice: P\u0159\u00edb\u011bhy se \u0161\u0165astn\u00fdm koncem, nakladatelstv\u00ed Fragment)<\/em><\/li><\/ul><\/li><\/ul><\/li><li><em>\u00a0<\/em>Barykov\u00fd\u00a0 \u2013 celoro\u010dn\u00ed, s\u00e9rie o \u017eivot\u011b a z\u00e1\u017eitc\u00edch psa Baryka (8-9 let\/3. t\u0159\u00edda)<\/li><li>Z\u00e1klady pozorn\u00e9ho \u010dten\u00ed \u2013 celoro\u010dn\u00ed, n\u00e1cvik \u010dten\u00ed s pracovn\u00edmi listy (9-10 let\/4. t\u0159\u00edda)<ul><li style=\"list-style-type: none;\"><ul><li><em>(edice: Skute\u010dn\u00e9 p\u0159\u00edb\u011bhy z\u00a0na\u0161\u00ed p\u0159\u00edrody, nakladatelstv\u00ed Fragment)<\/em><\/li><\/ul><\/li><\/ul><\/li><li><em>\u00a0<\/em>N\u00e1ladov\u00fd den \u2013 celoro\u010dn\u00ed program o pozn\u00e1v\u00e1n\u00ed a zvl\u00e1d\u00e1n\u00ed emoc\u00ed (\u010dten\u00e1\u0159i 7-10 let)<\/li><li>Listov\u00e1n\u00ed \u2013 podzimn\u00ed program s\u00a0kupou barevn\u00fdch kn\u00ed\u017eek i list\u00ed (\u010dten\u00e1\u0159i 7-10 let)<\/li><li>Adventn\u00ed \u2013 program s\u00a0adventn\u00edmi a v\u00e1no\u010dn\u00edmi p\u0159\u00edb\u011bhy (\u010dten\u00e1\u0159i 7-10 let)<\/li><li>Vlo\u010dkov\u00e1n\u00ed \u2013 zimn\u00ed program s\u00a0po\u0159\u00e1dnou d\u00e1vkou vlo\u010dek(\u010dten\u00e1\u0159i 7-10 let)<\/li><li>Probouzen\u00ed \u2013 jarn\u00ed program, p\u0159i kter\u00e9m probud\u00edme jaro(\u010dten\u00e1\u0159i 7-10 let)<\/li><li>Velryb\u00ed \u2013 letn\u00ed program o tom, kde v\u0161ude je mo\u017en\u00e9 potkat velrybu (\u010dten\u00e1\u0159i 7-10 let)<\/li><\/ul><\/div>\n\t\t\t\t\t\t\t\t\t<div class=\"elementor-tab-title elementor-tab-mobile-title\" aria-selected=\"false\" data-tab=\"3\" role=\"tab\" tabindex=\"-1\" aria-controls=\"elementor-tab-content-2643\" aria-expanded=\"false\">Cena<\/div>\n\t\t\t\t\t<div id=\"elementor-tab-content-2643\" class=\"elementor-tab-content elementor-clearfix\" data-tab=\"3\" role=\"tabpanel\" aria-labelledby=\"elementor-tab-title-2643\" tabindex=\"0\" hidden=\"hidden\"><p>90 minut &#8211; 120 K\u010d\/d\u00edt\u011b<\/p><\/div>\n\t\t\t\t\t\t\t<\/div>\n\t\t<\/div>\n\t\t\t\t\t\t<\/div>\n\t\t\t\t<\/div>\n\t\t\t\t\t<\/div>\n\t\t<\/div>\n\t\t\t\t\t<\/div>\n\t\t<\/section>\n\t\t\t\t<\/div>\n\t\t","protected":false},"excerpt":{"rendered":"<p>Dom\u00e1c\u00ed vzd\u011bl\u00e1v\u00e1n\u00ed Programy Popis Nab\u00eddka Cena Popis \u010cten\u00e1\u0159sk\u00e9 programy Stono\u017eky Knihob\u011b\u017eky jsou p\u0159\u00edjemn\u00fdm a p\u0159\u00ednosn\u00fdm zpest\u0159en\u00edm pro d\u011bti, kter\u00e9 pravideln\u011b nenav\u0161t\u011bvuj\u00ed mate\u0159sk\u00e9 a z\u00e1kladn\u00ed \u0161koly, a jsou vzd\u011bl\u00e1v\u00e1ny v\u00a0dom\u00e1c\u00edm prost\u0159ed\u00ed. Celoro\u010dn\u00ed tematick\u00e9 programy i programy vztahuj\u00edc\u00ed se k\u00a0ur\u010dit\u00e9mu ro\u010dn\u00edmu obdob\u00ed jsou vedeny z\u00e1\u017eitkov\u00fdm zp\u016fsobem, \u017e\u00e1ci maxim\u00e1ln\u011b vyu\u017e\u00edvaj\u00ed svou fantazii, kreativitu a soust\u0159ed\u011bnost. D\u00edky metod\u00e1m kritick\u00e9ho [&hellip;]<\/p>\n","protected":false},"author":1,"featured_media":0,"parent":0,"menu_order":0,"comment_status":"closed","ping_status":"closed","template":"","meta":{"om_disable_all_campaigns":false,"_uag_custom_page_level_css":"","_monsterinsights_skip_tracking":false,"_monsterinsights_sitenote_active":false,"_monsterinsights_sitenote_note":"","_monsterinsights_sitenote_category":0,"site-sidebar-layout":"no-sidebar","site-content-layout":"page-builder","ast-site-content-layout":"default","site-content-style":"default","site-sidebar-style":"default","ast-global-header-display":"","ast-banner-title-visibility":"","ast-main-header-display":"","ast-hfb-above-header-display":"","ast-hfb-below-header-display":"","ast-hfb-mobile-header-display":"","site-post-title":"disabled","ast-breadcrumbs-content":"","ast-featured-img":"disabled","footer-sml-layout":"","theme-transparent-header-meta":"","adv-header-id-meta":"","stick-header-meta":"","header-above-stick-meta":"","header-main-stick-meta":"","header-below-stick-meta":"","astra-migrate-meta-layouts":"default","ast-page-background-enabled":"default","ast-page-background-meta":{"desktop":{"background-color":"","background-image":"","background-repeat":"repeat","background-position":"center center","background-size":"auto","background-attachment":"scroll","background-type":"","background-media":"","overlay-type":"","overlay-color":"","overlay-opacity":"","overlay-gradient":""},"tablet":{"background-color":"","background-image":"","background-repeat":"repeat","background-position":"center center","background-size":"auto","background-attachment":"scroll","background-type":"","background-media":"","overlay-type":"","overlay-color":"","overlay-opacity":"","overlay-gradient":""},"mobile":{"background-color":"","background-image":"","background-repeat":"repeat","background-position":"center center","background-size":"auto","background-attachment":"scroll","background-type":"","background-media":"","overlay-type":"","overlay-color":"","overlay-opacity":"","overlay-gradient":""}},"ast-content-background-meta":{"desktop":{"background-color":"var(--ast-global-color-5)","background-image":"","background-repeat":"repeat","background-position":"center center","background-size":"auto","background-attachment":"scroll","background-type":"","background-media":"","overlay-type":"","overlay-color":"","overlay-opacity":"","overlay-gradient":""},"tablet":{"background-color":"var(--ast-global-color-5)","background-image":"","background-repeat":"repeat","background-position":"center center","background-size":"auto","background-attachment":"scroll","background-type":"","background-media":"","overlay-type":"","overlay-color":"","overlay-opacity":"","overlay-gradient":""},"mobile":{"background-color":"var(--ast-global-color-5)","background-image":"","background-repeat":"repeat","background-position":"center center","background-size":"auto","background-attachment":"scroll","background-type":"","background-media":"","overlay-type":"","overlay-color":"","overlay-opacity":"","overlay-gradient":""}},"footnotes":""},"class_list":["post-1681","page","type-page","status-publish","hentry"],"aioseo_notices":[],"uagb_featured_image_src":{"full":false,"thumbnail":false,"medium":false,"medium_large":false,"large":false,"1536x1536":false,"2048x2048":false},"uagb_author_info":{"display_name":"pdanihelova@yahoo.com","author_link":"https:\/\/knihobezka.cz\/?author=1"},"uagb_comment_info":0,"uagb_excerpt":"Dom\u00e1c\u00ed vzd\u011bl\u00e1v\u00e1n\u00ed Programy Popis Nab\u00eddka Cena Popis \u010cten\u00e1\u0159sk\u00e9 programy Stono\u017eky Knihob\u011b\u017eky jsou p\u0159\u00edjemn\u00fdm a p\u0159\u00ednosn\u00fdm zpest\u0159en\u00edm pro d\u011bti, kter\u00e9 pravideln\u011b nenav\u0161t\u011bvuj\u00ed mate\u0159sk\u00e9 a z\u00e1kladn\u00ed \u0161koly, a jsou vzd\u011bl\u00e1v\u00e1ny v\u00a0dom\u00e1c\u00edm prost\u0159ed\u00ed. Celoro\u010dn\u00ed tematick\u00e9 programy i programy vztahuj\u00edc\u00ed se k\u00a0ur\u010dit\u00e9mu ro\u010dn\u00edmu obdob\u00ed jsou vedeny z\u00e1\u017eitkov\u00fdm zp\u016fsobem, \u017e\u00e1ci maxim\u00e1ln\u011b vyu\u017e\u00edvaj\u00ed svou fantazii, kreativitu a soust\u0159ed\u011bnost. D\u00edky metod\u00e1m kritick\u00e9ho&hellip;","_links":{"self":[{"href":"https:\/\/knihobezka.cz\/index.php?rest_route=\/wp\/v2\/pages\/1681","targetHints":{"allow":["GET"]}}],"collection":[{"href":"https:\/\/knihobezka.cz\/index.php?rest_route=\/wp\/v2\/pages"}],"about":[{"href":"https:\/\/knihobezka.cz\/index.php?rest_route=\/wp\/v2\/types\/page"}],"author":[{"embeddable":true,"href":"https:\/\/knihobezka.cz\/index.php?rest_route=\/wp\/v2\/users\/1"}],"replies":[{"embeddable":true,"href":"https:\/\/knihobezka.cz\/index.php?rest_route=%2Fwp%2Fv2%2Fcomments&post=1681"}],"version-history":[{"count":4,"href":"https:\/\/knihobezka.cz\/index.php?rest_route=\/wp\/v2\/pages\/1681\/revisions"}],"predecessor-version":[{"id":1685,"href":"https:\/\/knihobezka.cz\/index.php?rest_route=\/wp\/v2\/pages\/1681\/revisions\/1685"}],"wp:attachment":[{"href":"https:\/\/knihobezka.cz\/index.php?rest_route=%2Fwp%2Fv2%2Fmedia&parent=1681"}],"curies":[{"name":"wp","href":"https:\/\/api.w.org\/{rel}","templated":true}]}}