{"id":1620,"date":"2023-01-04T21:45:09","date_gmt":"2023-01-04T21:45:09","guid":{"rendered":"https:\/\/knihobezka.cz\/?page_id=1620"},"modified":"2025-09-22T19:26:14","modified_gmt":"2025-09-22T19:26:14","slug":"materske-skoly","status":"publish","type":"page","link":"https:\/\/knihobezka.cz\/?page_id=1620","title":{"rendered":"Mate\u0159sk\u00e9 \u0161koly"},"content":{"rendered":"\t\t<div data-elementor-type=\"wp-page\" data-elementor-id=\"1620\" class=\"elementor elementor-1620\">\n\t\t\t\t\t\t<section class=\"elementor-section elementor-top-section elementor-element elementor-element-953260b elementor-section-boxed elementor-section-height-default elementor-section-height-default\" data-id=\"953260b\" data-element_type=\"section\">\n\t\t\t\t\t\t<div class=\"elementor-container elementor-column-gap-default\">\n\t\t\t\t\t<div class=\"elementor-column elementor-col-100 elementor-top-column elementor-element elementor-element-2a41c1b\" data-id=\"2a41c1b\" data-element_type=\"column\">\n\t\t\t<div class=\"elementor-widget-wrap elementor-element-populated\">\n\t\t\t\t\t\t<div class=\"elementor-element elementor-element-ce95d2e elementor-widget elementor-widget-heading\" data-id=\"ce95d2e\" data-element_type=\"widget\" data-widget_type=\"heading.default\">\n\t\t\t\t<div class=\"elementor-widget-container\">\n\t\t\t\t\t<h2 class=\"elementor-heading-title elementor-size-default\">Mate\u0159sk\u00e9 \u0161koly<\/h2>\t\t\t\t<\/div>\n\t\t\t\t<\/div>\n\t\t\t\t<section class=\"elementor-section elementor-inner-section elementor-element elementor-element-ce2e819 elementor-section-boxed elementor-section-height-default elementor-section-height-default\" data-id=\"ce2e819\" data-element_type=\"section\">\n\t\t\t\t\t\t<div class=\"elementor-container elementor-column-gap-default\">\n\t\t\t\t\t<div class=\"elementor-column elementor-col-100 elementor-inner-column elementor-element elementor-element-4c7509a\" data-id=\"4c7509a\" data-element_type=\"column\">\n\t\t\t<div class=\"elementor-widget-wrap elementor-element-populated\">\n\t\t\t\t\t\t<div class=\"elementor-element elementor-element-a17b101 elementor-widget elementor-widget-button\" data-id=\"a17b101\" data-element_type=\"widget\" data-widget_type=\"button.default\">\n\t\t\t\t<div class=\"elementor-widget-container\">\n\t\t\t\t\t\t\t\t\t<div class=\"elementor-button-wrapper\">\n\t\t\t\t\t<a class=\"elementor-button elementor-button-link elementor-size-sm\" href=\"https:\/\/knihobezka.cz\/?page_id=836\">\n\t\t\t\t\t\t<span class=\"elementor-button-content-wrapper\">\n\t\t\t\t\t\t<span class=\"elementor-button-icon\">\n\t\t\t\t<svg xmlns=\"http:\/\/www.w3.org\/2000\/svg\" xmlns:xlink=\"http:\/\/www.w3.org\/1999\/xlink\" id=\"Layer_1\" x=\"0px\" y=\"0px\" viewBox=\"0 0 2048 2048\" style=\"enable-background:new 0 0 2048 2048;\" xml:space=\"preserve\"><path d=\"M2048,960H250.1l403-403l-90-90l-557,557l557,557l90-90l-403-403H2048V960z\"><\/path><\/svg>\t\t\t<\/span>\n\t\t\t\t\t\t\t\t\t<span class=\"elementor-button-text\">Programy<\/span>\n\t\t\t\t\t<\/span>\n\t\t\t\t\t<\/a>\n\t\t\t\t<\/div>\n\t\t\t\t\t\t\t\t<\/div>\n\t\t\t\t<\/div>\n\t\t\t\t\t<\/div>\n\t\t<\/div>\n\t\t\t\t\t<\/div>\n\t\t<\/section>\n\t\t\t\t\t<\/div>\n\t\t<\/div>\n\t\t\t\t\t<\/div>\n\t\t<\/section>\n\t\t\t\t<section class=\"elementor-section elementor-top-section elementor-element elementor-element-cba61d9 elementor-section-boxed elementor-section-height-default elementor-section-height-default\" data-id=\"cba61d9\" data-element_type=\"section\" data-settings=\"{&quot;background_background&quot;:&quot;classic&quot;}\">\n\t\t\t\t\t\t<div class=\"elementor-container elementor-column-gap-no\">\n\t\t\t\t\t<div class=\"elementor-column elementor-col-100 elementor-top-column elementor-element elementor-element-9c602de\" data-id=\"9c602de\" data-element_type=\"column\">\n\t\t\t<div class=\"elementor-widget-wrap elementor-element-populated\">\n\t\t\t\t\t\t<div class=\"elementor-element elementor-element-0af2d7f elementor-widget elementor-widget-image\" data-id=\"0af2d7f\" data-element_type=\"widget\" data-widget_type=\"image.default\">\n\t\t\t\t<div class=\"elementor-widget-container\">\n\t\t\t\t\t\t\t\t\t\t\t\t\t\t\t<img decoding=\"async\" src=\"https:\/\/knihobezka.cz\/wp-content\/uploads\/2021\/01\/yellow-diamond-shape.svg\" class=\"attachment-full size-full wp-image-11\" alt=\"\" \/>\t\t\t\t\t\t\t\t\t\t\t\t\t\t\t<\/div>\n\t\t\t\t<\/div>\n\t\t\t\t<div class=\"elementor-element elementor-element-f97cc55 elementor-tabs-view-horizontal elementor-widget elementor-widget-tabs\" data-id=\"f97cc55\" data-element_type=\"widget\" data-widget_type=\"tabs.default\">\n\t\t\t\t<div class=\"elementor-widget-container\">\n\t\t\t\t\t\t\t<div class=\"elementor-tabs\">\n\t\t\t<div class=\"elementor-tabs-wrapper\" role=\"tablist\" >\n\t\t\t\t\t\t\t\t\t<div id=\"elementor-tab-title-2611\" class=\"elementor-tab-title elementor-tab-desktop-title\" aria-selected=\"true\" data-tab=\"1\" role=\"tab\" tabindex=\"0\" aria-controls=\"elementor-tab-content-2611\" aria-expanded=\"false\">Popis<\/div>\n\t\t\t\t\t\t\t\t\t<div id=\"elementor-tab-title-2612\" class=\"elementor-tab-title elementor-tab-desktop-title\" aria-selected=\"false\" data-tab=\"2\" role=\"tab\" tabindex=\"-1\" aria-controls=\"elementor-tab-content-2612\" aria-expanded=\"false\">Nab\u00eddka<\/div>\n\t\t\t\t\t\t\t\t\t<div id=\"elementor-tab-title-2613\" class=\"elementor-tab-title elementor-tab-desktop-title\" aria-selected=\"false\" data-tab=\"3\" role=\"tab\" tabindex=\"-1\" aria-controls=\"elementor-tab-content-2613\" aria-expanded=\"false\">Cena<\/div>\n\t\t\t\t\t\t\t<\/div>\n\t\t\t<div class=\"elementor-tabs-content-wrapper\" role=\"tablist\" aria-orientation=\"vertical\">\n\t\t\t\t\t\t\t\t\t<div class=\"elementor-tab-title elementor-tab-mobile-title\" aria-selected=\"true\" data-tab=\"1\" role=\"tab\" tabindex=\"0\" aria-controls=\"elementor-tab-content-2611\" aria-expanded=\"false\">Popis<\/div>\n\t\t\t\t\t<div id=\"elementor-tab-content-2611\" class=\"elementor-tab-content elementor-clearfix\" data-tab=\"1\" role=\"tabpanel\" aria-labelledby=\"elementor-tab-title-2611\" tabindex=\"0\" hidden=\"false\"><p>Jednotliv\u00e9 (p\u0159ed)\u010dten\u00e1\u0159sk\u00e9 programy jsou zam\u011b\u0159en\u00e9 na r\u016fzn\u00e1 t\u00e9mata a jsou ur\u010deny pro \u0161kolkov\u00e9 d\u011bti ve v\u011bku cca 2\u20136 let, kter\u00e9 zpravidla je\u0161t\u011b neum\u00ed \u010d\u00edst. To n\u00e1m ov\u0161em nebr\u00e1n\u00ed prohl\u00ed\u017eet, pro\u017e\u00edvat a \u010d\u00edst si knihy \u201epo sv\u00e9m\u201c pomoc\u00ed obr\u00e1zk\u016f a pohybu spolu se Stono\u017ekou Knihob\u011b\u017ekou, kter\u00e1 tak\u00e9 je\u0161t\u011b neum\u00ed p\u00edsmenka.<\/p><p>Sou\u010d\u00e1st\u00ed programu je tak\u00e9 jednoduch\u00fd pracovn\u00ed list (program na 60 minut), pop\u0159\u00edpad\u011b tvo\u0159en\u00ed\/vyr\u00e1b\u011bn\u00ed (program na 90 minut). D\u011bti tak\u00e9 dostanou seznam knih, kter\u00e9 si b\u011bhem programu prohl\u00e9dly a mohou ho doma uk\u00e1zat rodi\u010d\u016fm. Knihob\u011b\u017eka z\u00e1rove\u0148 povzbuzuje d\u011bti k\u00a0n\u00e1v\u0161t\u011bv\u011b knihovny (a)nebo d\u011btsk\u00e9ho knihkupectv\u00ed a v\u0161em \u0161ikovn\u00fdm nech\u00e1 ve \u0161kolce kni\u017en\u00ed d\u00e1re\u010dek.<\/p><\/div>\n\t\t\t\t\t\t\t\t\t<div class=\"elementor-tab-title elementor-tab-mobile-title\" aria-selected=\"false\" data-tab=\"2\" role=\"tab\" tabindex=\"-1\" aria-controls=\"elementor-tab-content-2612\" aria-expanded=\"false\">Nab\u00eddka<\/div>\n\t\t\t\t\t<div id=\"elementor-tab-content-2612\" class=\"elementor-tab-content elementor-clearfix\" data-tab=\"2\" role=\"tabpanel\" aria-labelledby=\"elementor-tab-title-2612\" tabindex=\"0\" hidden=\"hidden\"><ul><li>Jsem \u010dten\u00e1\u0159 \u2013 celoro\u010dn\u00ed program s\u00a0kupou velk\u00fdch i mal\u00fdch obr\u00e1zkov\u00fdch knih<\/li><li>Ro\u010dn\u00ed obdob\u00ed \u2013 celoro\u010dn\u00ed program s\u00a0kupou jarn\u00edch, letn\u00edch, podzimn\u00edch i zimn\u00edch knih<\/li><li>Barevn\u00e9 \u010dten\u00ed \u2013 celoro\u010dn\u00ed program s\u00a0kupou barevn\u00fdch knih<\/li><li>M\u00e1m radost i vztek \u2013 celoro\u010dn\u00ed program s\u00a0kn\u00ed\u017ekami o pocitech<\/li><li>Jarn\u00ed probuzen\u00ed \u2013 program s\u00a0jarn\u00ed tematikou procit\u00e1n\u00ed a probouzen\u00ed<\/li><li>Sem\u00ednkov\u00e9 hran\u00ed \u2013 program s\u00a0jarn\u00ed zahradnickou tematikou\u00a0<\/li><li>Cestov\u00e1n\u00ed s\u00a0velrybou \u2013 letn\u00ed program s\u00a0knihami o velryb\u00e1ch<\/li><li>Listov\u00e1n\u00ed \u2013 podzimn\u00ed program s\u00a0kupou podzimn\u00edch knih i list\u016f<\/li><li>Adventn\u00ed t\u011b\u0161en\u00ed \u2013 zimn\u00ed program s\u00a0kn\u00ed\u017ekami o Adventu a V\u00e1noc\u00edch<\/li><\/ul><\/div>\n\t\t\t\t\t\t\t\t\t<div class=\"elementor-tab-title elementor-tab-mobile-title\" aria-selected=\"false\" data-tab=\"3\" role=\"tab\" tabindex=\"-1\" aria-controls=\"elementor-tab-content-2613\" aria-expanded=\"false\">Cena<\/div>\n\t\t\t\t\t<div id=\"elementor-tab-content-2613\" class=\"elementor-tab-content elementor-clearfix\" data-tab=\"3\" role=\"tabpanel\" aria-labelledby=\"elementor-tab-title-2613\" tabindex=\"0\" hidden=\"hidden\"><p>80 K\u010d\/d\u00edt\u011b (program na 60 minut)<\/p>\n<p>120 K\u010d\/d\u00edt\u011b (program na 90 minut)<\/p>\n<p>Projektov\u00e9 dopoledne v&nbsp;M\u0160\/Z\u0160: 3000 K\u010d (max. 30 d\u011bt\u00ed)<\/p><\/div>\n\t\t\t\t\t\t\t<\/div>\n\t\t<\/div>\n\t\t\t\t\t\t<\/div>\n\t\t\t\t<\/div>\n\t\t\t\t\t<\/div>\n\t\t<\/div>\n\t\t\t\t\t<\/div>\n\t\t<\/section>\n\t\t\t\t<\/div>\n\t\t","protected":false},"excerpt":{"rendered":"<p>Mate\u0159sk\u00e9 \u0161koly Programy Popis Nab\u00eddka Cena Popis Jednotliv\u00e9 (p\u0159ed)\u010dten\u00e1\u0159sk\u00e9 programy jsou zam\u011b\u0159en\u00e9 na r\u016fzn\u00e1 t\u00e9mata a jsou ur\u010deny pro \u0161kolkov\u00e9 d\u011bti ve v\u011bku cca 2\u20136 let, kter\u00e9 zpravidla je\u0161t\u011b neum\u00ed \u010d\u00edst. To n\u00e1m ov\u0161em nebr\u00e1n\u00ed prohl\u00ed\u017eet, pro\u017e\u00edvat a \u010d\u00edst si knihy \u201epo sv\u00e9m\u201c pomoc\u00ed obr\u00e1zk\u016f a pohybu spolu se Stono\u017ekou Knihob\u011b\u017ekou, kter\u00e1 tak\u00e9 je\u0161t\u011b neum\u00ed [&hellip;]<\/p>\n","protected":false},"author":1,"featured_media":0,"parent":0,"menu_order":0,"comment_status":"closed","ping_status":"closed","template":"","meta":{"om_disable_all_campaigns":false,"_uag_custom_page_level_css":"","_monsterinsights_skip_tracking":false,"_monsterinsights_sitenote_active":false,"_monsterinsights_sitenote_note":"","_monsterinsights_sitenote_category":0,"site-sidebar-layout":"no-sidebar","site-content-layout":"page-builder","ast-site-content-layout":"default","site-content-style":"default","site-sidebar-style":"default","ast-global-header-display":"","ast-banner-title-visibility":"","ast-main-header-display":"","ast-hfb-above-header-display":"","ast-hfb-below-header-display":"","ast-hfb-mobile-header-display":"","site-post-title":"disabled","ast-breadcrumbs-content":"","ast-featured-img":"disabled","footer-sml-layout":"","theme-transparent-header-meta":"","adv-header-id-meta":"","stick-header-meta":"","header-above-stick-meta":"","header-main-stick-meta":"","header-below-stick-meta":"","astra-migrate-meta-layouts":"default","ast-page-background-enabled":"default","ast-page-background-meta":{"desktop":{"background-color":"","background-image":"","background-repeat":"repeat","background-position":"center center","background-size":"auto","background-attachment":"scroll","background-type":"","background-media":"","overlay-type":"","overlay-color":"","overlay-opacity":"","overlay-gradient":""},"tablet":{"background-color":"","background-image":"","background-repeat":"repeat","background-position":"center center","background-size":"auto","background-attachment":"scroll","background-type":"","background-media":"","overlay-type":"","overlay-color":"","overlay-opacity":"","overlay-gradient":""},"mobile":{"background-color":"","background-image":"","background-repeat":"repeat","background-position":"center center","background-size":"auto","background-attachment":"scroll","background-type":"","background-media":"","overlay-type":"","overlay-color":"","overlay-opacity":"","overlay-gradient":""}},"ast-content-background-meta":{"desktop":{"background-color":"var(--ast-global-color-5)","background-image":"","background-repeat":"repeat","background-position":"center center","background-size":"auto","background-attachment":"scroll","background-type":"","background-media":"","overlay-type":"","overlay-color":"","overlay-opacity":"","overlay-gradient":""},"tablet":{"background-color":"var(--ast-global-color-5)","background-image":"","background-repeat":"repeat","background-position":"center center","background-size":"auto","background-attachment":"scroll","background-type":"","background-media":"","overlay-type":"","overlay-color":"","overlay-opacity":"","overlay-gradient":""},"mobile":{"background-color":"var(--ast-global-color-5)","background-image":"","background-repeat":"repeat","background-position":"center center","background-size":"auto","background-attachment":"scroll","background-type":"","background-media":"","overlay-type":"","overlay-color":"","overlay-opacity":"","overlay-gradient":""}},"footnotes":""},"class_list":["post-1620","page","type-page","status-publish","hentry"],"aioseo_notices":[],"uagb_featured_image_src":{"full":false,"thumbnail":false,"medium":false,"medium_large":false,"large":false,"1536x1536":false,"2048x2048":false},"uagb_author_info":{"display_name":"pdanihelova@yahoo.com","author_link":"https:\/\/knihobezka.cz\/?author=1"},"uagb_comment_info":0,"uagb_excerpt":"Mate\u0159sk\u00e9 \u0161koly Programy Popis Nab\u00eddka Cena Popis Jednotliv\u00e9 (p\u0159ed)\u010dten\u00e1\u0159sk\u00e9 programy jsou zam\u011b\u0159en\u00e9 na r\u016fzn\u00e1 t\u00e9mata a jsou ur\u010deny pro \u0161kolkov\u00e9 d\u011bti ve v\u011bku cca 2\u20136 let, kter\u00e9 zpravidla je\u0161t\u011b neum\u00ed \u010d\u00edst. To n\u00e1m ov\u0161em nebr\u00e1n\u00ed prohl\u00ed\u017eet, pro\u017e\u00edvat a \u010d\u00edst si knihy \u201epo sv\u00e9m\u201c pomoc\u00ed obr\u00e1zk\u016f a pohybu spolu se Stono\u017ekou Knihob\u011b\u017ekou, kter\u00e1 tak\u00e9 je\u0161t\u011b neum\u00ed&hellip;","_links":{"self":[{"href":"https:\/\/knihobezka.cz\/index.php?rest_route=\/wp\/v2\/pages\/1620","targetHints":{"allow":["GET"]}}],"collection":[{"href":"https:\/\/knihobezka.cz\/index.php?rest_route=\/wp\/v2\/pages"}],"about":[{"href":"https:\/\/knihobezka.cz\/index.php?rest_route=\/wp\/v2\/types\/page"}],"author":[{"embeddable":true,"href":"https:\/\/knihobezka.cz\/index.php?rest_route=\/wp\/v2\/users\/1"}],"replies":[{"embeddable":true,"href":"https:\/\/knihobezka.cz\/index.php?rest_route=%2Fwp%2Fv2%2Fcomments&post=1620"}],"version-history":[{"count":46,"href":"https:\/\/knihobezka.cz\/index.php?rest_route=\/wp\/v2\/pages\/1620\/revisions"}],"predecessor-version":[{"id":1828,"href":"https:\/\/knihobezka.cz\/index.php?rest_route=\/wp\/v2\/pages\/1620\/revisions\/1828"}],"wp:attachment":[{"href":"https:\/\/knihobezka.cz\/index.php?rest_route=%2Fwp%2Fv2%2Fmedia&parent=1620"}],"curies":[{"name":"wp","href":"https:\/\/api.w.org\/{rel}","templated":true}]}}